{"id":759,"date":"2023-07-27T09:08:39","date_gmt":"2023-07-27T12:08:39","guid":{"rendered":"https:\/\/www.laestaciondedanza.com\/laestacion\/?page_id=759"},"modified":"2023-09-20T17:25:20","modified_gmt":"2023-09-20T20:25:20","slug":"faqs","status":"publish","type":"page","link":"https:\/\/www.laestaciondedanza.com\/laestacion\/faqs\/","title":{"rendered":"FAQ&#8217;s"},"content":{"rendered":"\t\t<div data-elementor-type=\"wp-page\" data-elementor-id=\"759\" class=\"elementor elementor-759\" data-elementor-post-type=\"page\">\n\t\t\t\t<div class=\"elementor-element elementor-element-365d3b1 e-flex e-con-boxed e-con e-parent\" data-id=\"365d3b1\" data-element_type=\"container\" data-e-type=\"container\" data-settings=\"{&quot;background_background&quot;:&quot;classic&quot;}\">\n\t\t\t\t\t<div class=\"e-con-inner\">\n\t\t<div class=\"elementor-element elementor-element-85a9beb e-con-full e-flex e-con e-child\" data-id=\"85a9beb\" data-element_type=\"container\" data-e-type=\"container\">\n\t\t\t\t<div class=\"elementor-element elementor-element-ba11a21 elementor-widget elementor-widget-heading\" data-id=\"ba11a21\" data-element_type=\"widget\" data-e-type=\"widget\" data-widget_type=\"heading.default\">\n\t\t\t\t<div class=\"elementor-widget-container\">\n\t\t\t\t\t<h2 class=\"elementor-heading-title elementor-size-default\">Preguntas <br>frecuentes<\/h2>\t\t\t\t<\/div>\n\t\t\t\t<\/div>\n\t\t\t\t<\/div>\n\t\t\t\t\t<\/div>\n\t\t\t\t<\/div>\n\t\t<div class=\"elementor-element elementor-element-c0623d8 e-flex e-con-boxed e-con e-parent\" data-id=\"c0623d8\" data-element_type=\"container\" data-e-type=\"container\">\n\t\t\t\t\t<div class=\"e-con-inner\">\n\t\t\t\t<div class=\"elementor-element elementor-element-62b57c5 elementor-widget elementor-widget-accordion\" data-id=\"62b57c5\" data-element_type=\"widget\" data-e-type=\"widget\" data-widget_type=\"accordion.default\">\n\t\t\t\t<div class=\"elementor-widget-container\">\n\t\t\t\t\t\t\t<div class=\"elementor-accordion\">\n\t\t\t\t\t\t\t<div class=\"elementor-accordion-item\">\n\t\t\t\t\t<div id=\"elementor-tab-title-1031\" class=\"elementor-tab-title\" data-tab=\"1\" role=\"button\" aria-controls=\"elementor-tab-content-1031\" aria-expanded=\"false\">\n\t\t\t\t\t\t\t\t\t\t\t\t\t<span class=\"elementor-accordion-icon elementor-accordion-icon-left\" aria-hidden=\"true\">\n\t\t\t\t\t\t\t\t\t\t\t\t\t\t\t<span class=\"elementor-accordion-icon-closed\"><i class=\"fas fa-plus\"><\/i><\/span>\n\t\t\t\t\t\t\t\t<span class=\"elementor-accordion-icon-opened\"><i class=\"fas fa-minus\"><\/i><\/span>\n\t\t\t\t\t\t\t\t\t\t\t\t\t\t<\/span>\n\t\t\t\t\t\t\t\t\t\t\t\t<a class=\"elementor-accordion-title\" tabindex=\"0\">Para saber como Registrarte, Comprar\/ clases sueltas y pack mensuales mira este turorial<\/a>\n\t\t\t\t\t<\/div>\n\t\t\t\t\t<div id=\"elementor-tab-content-1031\" class=\"elementor-tab-content elementor-clearfix\" data-tab=\"1\" role=\"region\" aria-labelledby=\"elementor-tab-title-1031\"><iframe src=\"https:\/\/player.vimeo.com\/video\/865627033?dnt=1&amp;app_id=122963\" width=\"563\" height=\"1000\" frameborder=\"0\" allow=\"autoplay; fullscreen; picture-in-picture\"><\/iframe><\/div>\n\t\t\t\t<\/div>\n\t\t\t\t\t\t\t<div class=\"elementor-accordion-item\">\n\t\t\t\t\t<div id=\"elementor-tab-title-1032\" class=\"elementor-tab-title\" data-tab=\"2\" role=\"button\" aria-controls=\"elementor-tab-content-1032\" aria-expanded=\"false\">\n\t\t\t\t\t\t\t\t\t\t\t\t\t<span class=\"elementor-accordion-icon elementor-accordion-icon-left\" aria-hidden=\"true\">\n\t\t\t\t\t\t\t\t\t\t\t\t\t\t\t<span class=\"elementor-accordion-icon-closed\"><i class=\"fas fa-plus\"><\/i><\/span>\n\t\t\t\t\t\t\t\t<span class=\"elementor-accordion-icon-opened\"><i class=\"fas fa-minus\"><\/i><\/span>\n\t\t\t\t\t\t\t\t\t\t\t\t\t\t<\/span>\n\t\t\t\t\t\t\t\t\t\t\t\t<a class=\"elementor-accordion-title\" tabindex=\"0\">\u00bfPuedo asegurar mi cupo en una clase todo el mes?<\/a>\n\t\t\t\t\t<\/div>\n\t\t\t\t\t<div id=\"elementor-tab-content-1032\" class=\"elementor-tab-content elementor-clearfix\" data-tab=\"2\" role=\"region\" aria-labelledby=\"elementor-tab-title-1032\"><p>Si, si queres reservar tu cupo a una determinada clase durante todo el mes calendario, la forma de hacerlo es sacando tu Pack Mensual (Profe). Recorda que es por mes calendario y los feriados no est\u00e1n incluidos.<\/p><\/div>\n\t\t\t\t<\/div>\n\t\t\t\t\t\t\t<div class=\"elementor-accordion-item\">\n\t\t\t\t\t<div id=\"elementor-tab-title-1033\" class=\"elementor-tab-title\" data-tab=\"3\" role=\"button\" aria-controls=\"elementor-tab-content-1033\" aria-expanded=\"false\">\n\t\t\t\t\t\t\t\t\t\t\t\t\t<span class=\"elementor-accordion-icon elementor-accordion-icon-left\" aria-hidden=\"true\">\n\t\t\t\t\t\t\t\t\t\t\t\t\t\t\t<span class=\"elementor-accordion-icon-closed\"><i class=\"fas fa-plus\"><\/i><\/span>\n\t\t\t\t\t\t\t\t<span class=\"elementor-accordion-icon-opened\"><i class=\"fas fa-minus\"><\/i><\/span>\n\t\t\t\t\t\t\t\t\t\t\t\t\t\t<\/span>\n\t\t\t\t\t\t\t\t\t\t\t\t<a class=\"elementor-accordion-title\" tabindex=\"0\">\u00bfC\u00f3mo puedo saber que cuantas clases me quedan en mi pack libre?<\/a>\n\t\t\t\t\t<\/div>\n\t\t\t\t\t<div id=\"elementor-tab-content-1033\" class=\"elementor-tab-content elementor-clearfix\" data-tab=\"3\" role=\"region\" aria-labelledby=\"elementor-tab-title-1033\"><p>En tu perfil, en la pesta\u00f1a de mis clases encontraras el saldo disponible de clases.<\/p><\/div>\n\t\t\t\t<\/div>\n\t\t\t\t\t\t\t<div class=\"elementor-accordion-item\">\n\t\t\t\t\t<div id=\"elementor-tab-title-1034\" class=\"elementor-tab-title\" data-tab=\"4\" role=\"button\" aria-controls=\"elementor-tab-content-1034\" aria-expanded=\"false\">\n\t\t\t\t\t\t\t\t\t\t\t\t\t<span class=\"elementor-accordion-icon elementor-accordion-icon-left\" aria-hidden=\"true\">\n\t\t\t\t\t\t\t\t\t\t\t\t\t\t\t<span class=\"elementor-accordion-icon-closed\"><i class=\"fas fa-plus\"><\/i><\/span>\n\t\t\t\t\t\t\t\t<span class=\"elementor-accordion-icon-opened\"><i class=\"fas fa-minus\"><\/i><\/span>\n\t\t\t\t\t\t\t\t\t\t\t\t\t\t<\/span>\n\t\t\t\t\t\t\t\t\t\t\t\t<a class=\"elementor-accordion-title\" tabindex=\"0\">\u00bfPuedo anotarme en una clase con anticipaci\u00f3n?<\/a>\n\t\t\t\t\t<\/div>\n\t\t\t\t\t<div id=\"elementor-tab-content-1034\" class=\"elementor-tab-content elementor-clearfix\" data-tab=\"4\" role=\"region\" aria-labelledby=\"elementor-tab-title-1034\"><p>Si! Te podes anotar a la clase de forma anticipada. Las clases van a estar disponibles para que te puedas inscribir una semana antes.<\/p><\/div>\n\t\t\t\t<\/div>\n\t\t\t\t\t\t\t<div class=\"elementor-accordion-item\">\n\t\t\t\t\t<div id=\"elementor-tab-title-1035\" class=\"elementor-tab-title\" data-tab=\"5\" role=\"button\" aria-controls=\"elementor-tab-content-1035\" aria-expanded=\"false\">\n\t\t\t\t\t\t\t\t\t\t\t\t\t<span class=\"elementor-accordion-icon elementor-accordion-icon-left\" aria-hidden=\"true\">\n\t\t\t\t\t\t\t\t\t\t\t\t\t\t\t<span class=\"elementor-accordion-icon-closed\"><i class=\"fas fa-plus\"><\/i><\/span>\n\t\t\t\t\t\t\t\t<span class=\"elementor-accordion-icon-opened\"><i class=\"fas fa-minus\"><\/i><\/span>\n\t\t\t\t\t\t\t\t\t\t\t\t\t\t<\/span>\n\t\t\t\t\t\t\t\t\t\t\t\t<a class=\"elementor-accordion-title\" tabindex=\"0\">\u00bfSi compro un Pack Libre, puedo elegir al profe que quiera?<\/a>\n\t\t\t\t\t<\/div>\n\t\t\t\t\t<div id=\"elementor-tab-content-1035\" class=\"elementor-tab-content elementor-clearfix\" data-tab=\"5\" role=\"region\" aria-labelledby=\"elementor-tab-title-1035\"><p>Si! Podes combinar las clases como quieras, tanto estilos, como niveles, como profes (siempre teniendo en cuenta que los cupos son limitados). Si alg\u00fan profe se queda sin cupos disponibles, lo vamos a comunicar ni bien eso suceda.<\/p><\/div>\n\t\t\t\t<\/div>\n\t\t\t\t\t\t\t<div class=\"elementor-accordion-item\">\n\t\t\t\t\t<div id=\"elementor-tab-title-1036\" class=\"elementor-tab-title\" data-tab=\"6\" role=\"button\" aria-controls=\"elementor-tab-content-1036\" aria-expanded=\"false\">\n\t\t\t\t\t\t\t\t\t\t\t\t\t<span class=\"elementor-accordion-icon elementor-accordion-icon-left\" aria-hidden=\"true\">\n\t\t\t\t\t\t\t\t\t\t\t\t\t\t\t<span class=\"elementor-accordion-icon-closed\"><i class=\"fas fa-plus\"><\/i><\/span>\n\t\t\t\t\t\t\t\t<span class=\"elementor-accordion-icon-opened\"><i class=\"fas fa-minus\"><\/i><\/span>\n\t\t\t\t\t\t\t\t\t\t\t\t\t\t<\/span>\n\t\t\t\t\t\t\t\t\t\t\t\t<a class=\"elementor-accordion-title\" tabindex=\"0\">\u00bfCu\u00e1nto tiempo tengo para usar mi pack libre?<\/a>\n\t\t\t\t\t<\/div>\n\t\t\t\t\t<div id=\"elementor-tab-content-1036\" class=\"elementor-tab-content elementor-clearfix\" data-tab=\"6\" role=\"region\" aria-labelledby=\"elementor-tab-title-1036\"><p>El pack tiene una vigencia de 30 d\u00edas desde que lo compras, esto es para cualquiera de los packs (pack 10, pack 5). Despu\u00e9s de los 30 d\u00edas, aunque te quede saldo, ya no lo podr\u00e1s usar.<\/p><\/div>\n\t\t\t\t<\/div>\n\t\t\t\t\t\t\t<div class=\"elementor-accordion-item\">\n\t\t\t\t\t<div id=\"elementor-tab-title-1037\" class=\"elementor-tab-title\" data-tab=\"7\" role=\"button\" aria-controls=\"elementor-tab-content-1037\" aria-expanded=\"false\">\n\t\t\t\t\t\t\t\t\t\t\t\t\t<span class=\"elementor-accordion-icon elementor-accordion-icon-left\" aria-hidden=\"true\">\n\t\t\t\t\t\t\t\t\t\t\t\t\t\t\t<span class=\"elementor-accordion-icon-closed\"><i class=\"fas fa-plus\"><\/i><\/span>\n\t\t\t\t\t\t\t\t<span class=\"elementor-accordion-icon-opened\"><i class=\"fas fa-minus\"><\/i><\/span>\n\t\t\t\t\t\t\t\t\t\t\t\t\t\t<\/span>\n\t\t\t\t\t\t\t\t\t\t\t\t<a class=\"elementor-accordion-title\" tabindex=\"0\">\u00bfDe qu\u00e9 forma se pagan las clases?<\/a>\n\t\t\t\t\t<\/div>\n\t\t\t\t\t<div id=\"elementor-tab-content-1037\" class=\"elementor-tab-content elementor-clearfix\" data-tab=\"7\" role=\"region\" aria-labelledby=\"elementor-tab-title-1037\"><p>Las clases se pagan por Mercado Libre en la web o en efectivo en el estudio.<\/p><\/div>\n\t\t\t\t<\/div>\n\t\t\t\t\t\t\t<div class=\"elementor-accordion-item\">\n\t\t\t\t\t<div id=\"elementor-tab-title-1038\" class=\"elementor-tab-title\" data-tab=\"8\" role=\"button\" aria-controls=\"elementor-tab-content-1038\" aria-expanded=\"false\">\n\t\t\t\t\t\t\t\t\t\t\t\t\t<span class=\"elementor-accordion-icon elementor-accordion-icon-left\" aria-hidden=\"true\">\n\t\t\t\t\t\t\t\t\t\t\t\t\t\t\t<span class=\"elementor-accordion-icon-closed\"><i class=\"fas fa-plus\"><\/i><\/span>\n\t\t\t\t\t\t\t\t<span class=\"elementor-accordion-icon-opened\"><i class=\"fas fa-minus\"><\/i><\/span>\n\t\t\t\t\t\t\t\t\t\t\t\t\t\t<\/span>\n\t\t\t\t\t\t\t\t\t\t\t\t<a class=\"elementor-accordion-title\" tabindex=\"0\">\u00bfLas clases se recuperan?<\/a>\n\t\t\t\t\t<\/div>\n\t\t\t\t\t<div id=\"elementor-tab-content-1038\" class=\"elementor-tab-content elementor-clearfix\" data-tab=\"8\" role=\"region\" aria-labelledby=\"elementor-tab-title-1038\"><p>Las clases presenciales, una vez reservado el cupo (con cualquier pack), no se podr\u00e1n recuperar. Los cupos son muy limitados, y la reserva del cupo implica que ese lugar se cerr\u00f3 para vos, quedando inhabilitado para otra persona.<\/p><p>Excepciones: solamente se podr\u00e1 recuperar la clase por motivos de salud, presentando el Certificado M\u00e9dico correspondiente, indicando el motivo y la fecha.<\/p><\/div>\n\t\t\t\t<\/div>\n\t\t\t\t\t\t\t\t<\/div>\n\t\t\t\t\t\t<\/div>\n\t\t\t\t<\/div>\n\t\t\t\t\t<\/div>\n\t\t\t\t<\/div>\n\t\t<div class=\"elementor-element elementor-element-24545f7 e-flex e-con-boxed e-con e-parent\" data-id=\"24545f7\" data-element_type=\"container\" data-e-type=\"container\" data-settings=\"{&quot;background_background&quot;:&quot;gradient&quot;}\">\n\t\t\t\t\t<div class=\"e-con-inner\">\n\t\t\t\t<div class=\"elementor-element elementor-element-077dc63 elementor-widget__width-initial elementor-widget elementor-widget-heading\" data-id=\"077dc63\" data-element_type=\"widget\" data-e-type=\"widget\" data-widget_type=\"heading.default\">\n\t\t\t\t<div class=\"elementor-widget-container\">\n\t\t\t\t\t<h2 class=\"elementor-heading-title elementor-size-default\">Eleg\u00ed el pack de clases que m\u00e1s te guste<\/h2>\t\t\t\t<\/div>\n\t\t\t\t<\/div>\n\t\t\t\t<div class=\"elementor-element elementor-element-afbe891 elementor-widget elementor-widget-text-editor\" data-id=\"afbe891\" data-element_type=\"widget\" data-e-type=\"widget\" data-widget_type=\"text-editor.default\">\n\t\t\t\t<div class=\"elementor-widget-container\">\n\t\t\t\t\t\t\t\t\tInscribite a nuestras clases y comenz\u00e1 a marcar la diferencia.\t\t\t\t\t\t\t\t<\/div>\n\t\t\t\t<\/div>\n\t\t<div class=\"elementor-element elementor-element-7714dfb e-flex e-con-boxed e-con e-child\" data-id=\"7714dfb\" data-element_type=\"container\" data-e-type=\"container\">\n\t\t\t\t\t<div class=\"e-con-inner\">\n\t\t\t\t<div class=\"elementor-element elementor-element-11e95f9 elementor-widget__width-initial elementor-widget-tablet__width-inherit elementor-cta--skin-classic elementor-animated-content elementor-bg-transform elementor-bg-transform-zoom-in elementor-widget elementor-widget-call-to-action\" data-id=\"11e95f9\" data-element_type=\"widget\" data-e-type=\"widget\" data-widget_type=\"call-to-action.default\">\n\t\t\t\t<div class=\"elementor-widget-container\">\n\t\t\t\t\t\t\t<div class=\"elementor-cta\">\n\t\t\t\t\t\t\t<div class=\"elementor-cta__content\">\n\t\t\t\t\n\t\t\t\t\t\t\t\t\t<h3 class=\"elementor-cta__title elementor-cta__content-item elementor-content-item\">\n\t\t\t\t\t\tClases sueltas\t\t\t\t\t<\/h3>\n\t\t\t\t\n\t\t\t\t\t\t\t\t\t<div class=\"elementor-cta__description elementor-cta__content-item elementor-content-item\">\n\t\t\t\t\t\tSeleccion\u00e1 el profe y la clase que quieras, luego pagas y ya queda reservada. Pod\u00e9s comprar hasta 3 clases sueltas al mismo tiempo.\t\t\t\t\t<\/div>\n\t\t\t\t\n\t\t\t\t\t\t\t\t\t<div class=\"elementor-cta__button-wrapper elementor-cta__content-item elementor-content-item \">\n\t\t\t\t\t<a class=\"elementor-cta__button elementor-button elementor-size-\" href=\"https:\/\/www.laestaciondedanza.com\/laestacion\/profesores\/\">\n\t\t\t\t\t\tVer m\u00e1s\t\t\t\t\t<\/a>\n\t\t\t\t\t<\/div>\n\t\t\t\t\t\t\t<\/div>\n\t\t\t\t\t\t<\/div>\n\t\t\t\t\t\t<\/div>\n\t\t\t\t<\/div>\n\t\t\t\t<div class=\"elementor-element elementor-element-17412ce elementor-widget__width-initial elementor-widget-tablet__width-inherit elementor-cta--skin-classic elementor-animated-content elementor-bg-transform elementor-bg-transform-zoom-in elementor-widget elementor-widget-call-to-action\" data-id=\"17412ce\" data-element_type=\"widget\" data-e-type=\"widget\" data-widget_type=\"call-to-action.default\">\n\t\t\t\t<div class=\"elementor-widget-container\">\n\t\t\t\t\t\t\t<div class=\"elementor-cta\">\n\t\t\t\t\t\t\t<div class=\"elementor-cta__content\">\n\t\t\t\t\n\t\t\t\t\t\t\t\t\t<h3 class=\"elementor-cta__title elementor-cta__content-item elementor-content-item\">\n\t\t\t\t\t\tPacks libres\t\t\t\t\t<\/h3>\n\t\t\t\t\n\t\t\t\t\t\t\t\t\t<div class=\"elementor-cta__description elementor-cta__content-item elementor-content-item\">\n\t\t\t\t\t\tCompr\u00e1 tu pack de 5, 10, o 15 clases, y luego podr\u00e1s seleccionar cualquier clase de nuestra grilla. Se te ir\u00e1 descontando de tu pack autom\u00e1ticamente.\t\t\t\t\t<\/div>\n\t\t\t\t\n\t\t\t\t\t\t\t\t\t<div class=\"elementor-cta__button-wrapper elementor-cta__content-item elementor-content-item \">\n\t\t\t\t\t<a class=\"elementor-cta__button elementor-button elementor-size-\" href=\"https:\/\/www.laestaciondedanza.com\/laestacion\/packs-libres\/\">\n\t\t\t\t\t\tVer m\u00e1s\t\t\t\t\t<\/a>\n\t\t\t\t\t<\/div>\n\t\t\t\t\t\t\t<\/div>\n\t\t\t\t\t\t<\/div>\n\t\t\t\t\t\t<\/div>\n\t\t\t\t<\/div>\n\t\t\t\t<div class=\"elementor-element elementor-element-be77a77 elementor-widget__width-initial elementor-widget-tablet__width-inherit elementor-cta--skin-classic elementor-animated-content elementor-bg-transform elementor-bg-transform-zoom-in elementor-widget elementor-widget-call-to-action\" data-id=\"be77a77\" data-element_type=\"widget\" data-e-type=\"widget\" data-widget_type=\"call-to-action.default\">\n\t\t\t\t<div class=\"elementor-widget-container\">\n\t\t\t\t\t\t\t<div class=\"elementor-cta\">\n\t\t\t\t\t\t\t<div class=\"elementor-cta__content\">\n\t\t\t\t\n\t\t\t\t\t\t\t\t\t<h3 class=\"elementor-cta__title elementor-cta__content-item elementor-content-item\">\n\t\t\t\t\t\tPack mensual\t\t\t\t\t<\/h3>\n\t\t\t\t\n\t\t\t\t\t\t\t\t\t<div class=\"elementor-cta__description elementor-cta__content-item elementor-content-item\">\n\t\t\t\t\t\tReserv\u00e1 el mes completo del profe y la clase que quieras. Incluye todas las clases del mes calendario.\t\t\t\t\t<\/div>\n\t\t\t\t\n\t\t\t\t\t\t\t\t\t<div class=\"elementor-cta__button-wrapper elementor-cta__content-item elementor-content-item \">\n\t\t\t\t\t<a class=\"elementor-cta__button elementor-button elementor-size-\" href=\"https:\/\/www.laestaciondedanza.com\/laestacion\/producto\/pack-mensual\/\">\n\t\t\t\t\t\tVer m\u00e1s\t\t\t\t\t<\/a>\n\t\t\t\t\t<\/div>\n\t\t\t\t\t\t\t<\/div>\n\t\t\t\t\t\t<\/div>\n\t\t\t\t\t\t<\/div>\n\t\t\t\t<\/div>\n\t\t\t\t\t<\/div>\n\t\t\t\t<\/div>\n\t\t\t\t\t<\/div>\n\t\t\t\t<\/div>\n\t\t\t\t<\/div>\n\t\t","protected":false},"excerpt":{"rendered":"<p>Preguntas frecuentes Para saber como Registrarte, Comprar\/ clases sueltas y pack mensuales mira este turorial \u00bfPuedo asegurar mi cupo en una clase todo el mes? Si, si queres reservar tu cupo a una determinada clase durante todo el mes calendario, la forma de hacerlo es sacando tu Pack Mensual (Profe). Recorda que es por mes [&hellip;]<\/p>\n","protected":false},"author":5,"featured_media":403,"parent":0,"menu_order":0,"comment_status":"closed","ping_status":"closed","template":"","meta":{"footnotes":""},"class_list":["post-759","page","type-page","status-publish","has-post-thumbnail","hentry"],"yoast_head":"<!-- This site is optimized with the Yoast SEO plugin v27.5 - https:\/\/yoast.com\/product\/yoast-seo-wordpress\/ -->\n<title>\u25b7 Preguntas Frecuentes | La Estaci\u00f3n de Danza<\/title>\n<meta name=\"robots\" content=\"noindex, nofollow\" \/>\n<meta property=\"og:locale\" content=\"es_ES\" \/>\n<meta property=\"og:type\" content=\"article\" \/>\n<meta property=\"og:title\" content=\"\u25b7 Preguntas Frecuentes | La Estaci\u00f3n de Danza\" \/>\n<meta property=\"og:description\" content=\"Preguntas frecuentes Para saber como Registrarte, Comprar\/ clases sueltas y pack mensuales mira este turorial \u00bfPuedo asegurar mi cupo en una clase todo el mes? Si, si queres reservar tu cupo a una determinada clase durante todo el mes calendario, la forma de hacerlo es sacando tu Pack Mensual (Profe). Recorda que es por mes [&hellip;]\" \/>\n<meta property=\"og:url\" content=\"https:\/\/www.laestaciondedanza.com\/laestacion\/faqs\/\" \/>\n<meta property=\"og:site_name\" content=\"La Estaci\u00f3n de Danza\" \/>\n<meta property=\"article:modified_time\" content=\"2023-09-20T20:25:20+00:00\" \/>\n<meta property=\"og:image\" content=\"https:\/\/www.laestaciondedanza.com\/laestacion\/wp-content\/uploads\/Estacion-de-Danza-img-destacada.png\" \/>\n\t<meta property=\"og:image:width\" content=\"512\" \/>\n\t<meta property=\"og:image:height\" content=\"512\" \/>\n\t<meta property=\"og:image:type\" content=\"image\/png\" \/>\n<meta name=\"twitter:card\" content=\"summary_large_image\" \/>\n<script type=\"application\/ld+json\" class=\"yoast-schema-graph\">{\"@context\":\"https:\\\/\\\/schema.org\",\"@graph\":[{\"@type\":\"WebPage\",\"@id\":\"https:\\\/\\\/www.laestaciondedanza.com\\\/laestacion\\\/faqs\\\/\",\"url\":\"https:\\\/\\\/www.laestaciondedanza.com\\\/laestacion\\\/faqs\\\/\",\"name\":\"\u25b7 Preguntas Frecuentes | La Estaci\u00f3n de Danza\",\"isPartOf\":{\"@id\":\"https:\\\/\\\/www.laestaciondedanza.com\\\/laestacion\\\/#website\"},\"primaryImageOfPage\":{\"@id\":\"https:\\\/\\\/www.laestaciondedanza.com\\\/laestacion\\\/faqs\\\/#primaryimage\"},\"image\":{\"@id\":\"https:\\\/\\\/www.laestaciondedanza.com\\\/laestacion\\\/faqs\\\/#primaryimage\"},\"thumbnailUrl\":\"https:\\\/\\\/www.laestaciondedanza.com\\\/laestacion\\\/wp-content\\\/uploads\\\/Estacion-de-Danza-img-destacada.png\",\"datePublished\":\"2023-07-27T12:08:39+00:00\",\"dateModified\":\"2023-09-20T20:25:20+00:00\",\"breadcrumb\":{\"@id\":\"https:\\\/\\\/www.laestaciondedanza.com\\\/laestacion\\\/faqs\\\/#breadcrumb\"},\"inLanguage\":\"es\",\"potentialAction\":[{\"@type\":\"ReadAction\",\"target\":[\"https:\\\/\\\/www.laestaciondedanza.com\\\/laestacion\\\/faqs\\\/\"]}]},{\"@type\":\"ImageObject\",\"inLanguage\":\"es\",\"@id\":\"https:\\\/\\\/www.laestaciondedanza.com\\\/laestacion\\\/faqs\\\/#primaryimage\",\"url\":\"https:\\\/\\\/www.laestaciondedanza.com\\\/laestacion\\\/wp-content\\\/uploads\\\/Estacion-de-Danza-img-destacada.png\",\"contentUrl\":\"https:\\\/\\\/www.laestaciondedanza.com\\\/laestacion\\\/wp-content\\\/uploads\\\/Estacion-de-Danza-img-destacada.png\",\"width\":512,\"height\":512},{\"@type\":\"BreadcrumbList\",\"@id\":\"https:\\\/\\\/www.laestaciondedanza.com\\\/laestacion\\\/faqs\\\/#breadcrumb\",\"itemListElement\":[{\"@type\":\"ListItem\",\"position\":1,\"name\":\"Portada\",\"item\":\"https:\\\/\\\/www.laestaciondedanza.com\\\/laestacion\\\/\"},{\"@type\":\"ListItem\",\"position\":2,\"name\":\"FAQ&#8217;s\"}]},{\"@type\":\"WebSite\",\"@id\":\"https:\\\/\\\/www.laestaciondedanza.com\\\/laestacion\\\/#website\",\"url\":\"https:\\\/\\\/www.laestaciondedanza.com\\\/laestacion\\\/\",\"name\":\"La Estaci\u00f3n de Danza\",\"description\":\"\",\"publisher\":{\"@id\":\"https:\\\/\\\/www.laestaciondedanza.com\\\/laestacion\\\/#organization\"},\"potentialAction\":[{\"@type\":\"SearchAction\",\"target\":{\"@type\":\"EntryPoint\",\"urlTemplate\":\"https:\\\/\\\/www.laestaciondedanza.com\\\/laestacion\\\/?s={search_term_string}\"},\"query-input\":{\"@type\":\"PropertyValueSpecification\",\"valueRequired\":true,\"valueName\":\"search_term_string\"}}],\"inLanguage\":\"es\"},{\"@type\":\"Organization\",\"@id\":\"https:\\\/\\\/www.laestaciondedanza.com\\\/laestacion\\\/#organization\",\"name\":\"La Estaci\u00f3n de Danza\",\"url\":\"https:\\\/\\\/www.laestaciondedanza.com\\\/laestacion\\\/\",\"logo\":{\"@type\":\"ImageObject\",\"inLanguage\":\"es\",\"@id\":\"https:\\\/\\\/www.laestaciondedanza.com\\\/laestacion\\\/#\\\/schema\\\/logo\\\/image\\\/\",\"url\":\"https:\\\/\\\/www.laestaciondedanza.com\\\/laestacion\\\/wp-content\\\/uploads\\\/logo-claro.png\",\"contentUrl\":\"https:\\\/\\\/www.laestaciondedanza.com\\\/laestacion\\\/wp-content\\\/uploads\\\/logo-claro.png\",\"width\":2048,\"height\":1356,\"caption\":\"La Estaci\u00f3n de Danza\"},\"image\":{\"@id\":\"https:\\\/\\\/www.laestaciondedanza.com\\\/laestacion\\\/#\\\/schema\\\/logo\\\/image\\\/\"}}]}<\/script>\n<!-- \/ Yoast SEO plugin. -->","yoast_head_json":{"title":"\u25b7 Preguntas Frecuentes | La Estaci\u00f3n de Danza","robots":{"index":"noindex","follow":"nofollow"},"og_locale":"es_ES","og_type":"article","og_title":"\u25b7 Preguntas Frecuentes | La Estaci\u00f3n de Danza","og_description":"Preguntas frecuentes Para saber como Registrarte, Comprar\/ clases sueltas y pack mensuales mira este turorial \u00bfPuedo asegurar mi cupo en una clase todo el mes? Si, si queres reservar tu cupo a una determinada clase durante todo el mes calendario, la forma de hacerlo es sacando tu Pack Mensual (Profe). Recorda que es por mes [&hellip;]","og_url":"https:\/\/www.laestaciondedanza.com\/laestacion\/faqs\/","og_site_name":"La Estaci\u00f3n de Danza","article_modified_time":"2023-09-20T20:25:20+00:00","og_image":[{"width":512,"height":512,"url":"https:\/\/www.laestaciondedanza.com\/laestacion\/wp-content\/uploads\/Estacion-de-Danza-img-destacada.png","type":"image\/png"}],"twitter_card":"summary_large_image","schema":{"@context":"https:\/\/schema.org","@graph":[{"@type":"WebPage","@id":"https:\/\/www.laestaciondedanza.com\/laestacion\/faqs\/","url":"https:\/\/www.laestaciondedanza.com\/laestacion\/faqs\/","name":"\u25b7 Preguntas Frecuentes | La Estaci\u00f3n de Danza","isPartOf":{"@id":"https:\/\/www.laestaciondedanza.com\/laestacion\/#website"},"primaryImageOfPage":{"@id":"https:\/\/www.laestaciondedanza.com\/laestacion\/faqs\/#primaryimage"},"image":{"@id":"https:\/\/www.laestaciondedanza.com\/laestacion\/faqs\/#primaryimage"},"thumbnailUrl":"https:\/\/www.laestaciondedanza.com\/laestacion\/wp-content\/uploads\/Estacion-de-Danza-img-destacada.png","datePublished":"2023-07-27T12:08:39+00:00","dateModified":"2023-09-20T20:25:20+00:00","breadcrumb":{"@id":"https:\/\/www.laestaciondedanza.com\/laestacion\/faqs\/#breadcrumb"},"inLanguage":"es","potentialAction":[{"@type":"ReadAction","target":["https:\/\/www.laestaciondedanza.com\/laestacion\/faqs\/"]}]},{"@type":"ImageObject","inLanguage":"es","@id":"https:\/\/www.laestaciondedanza.com\/laestacion\/faqs\/#primaryimage","url":"https:\/\/www.laestaciondedanza.com\/laestacion\/wp-content\/uploads\/Estacion-de-Danza-img-destacada.png","contentUrl":"https:\/\/www.laestaciondedanza.com\/laestacion\/wp-content\/uploads\/Estacion-de-Danza-img-destacada.png","width":512,"height":512},{"@type":"BreadcrumbList","@id":"https:\/\/www.laestaciondedanza.com\/laestacion\/faqs\/#breadcrumb","itemListElement":[{"@type":"ListItem","position":1,"name":"Portada","item":"https:\/\/www.laestaciondedanza.com\/laestacion\/"},{"@type":"ListItem","position":2,"name":"FAQ&#8217;s"}]},{"@type":"WebSite","@id":"https:\/\/www.laestaciondedanza.com\/laestacion\/#website","url":"https:\/\/www.laestaciondedanza.com\/laestacion\/","name":"La Estaci\u00f3n de Danza","description":"","publisher":{"@id":"https:\/\/www.laestaciondedanza.com\/laestacion\/#organization"},"potentialAction":[{"@type":"SearchAction","target":{"@type":"EntryPoint","urlTemplate":"https:\/\/www.laestaciondedanza.com\/laestacion\/?s={search_term_string}"},"query-input":{"@type":"PropertyValueSpecification","valueRequired":true,"valueName":"search_term_string"}}],"inLanguage":"es"},{"@type":"Organization","@id":"https:\/\/www.laestaciondedanza.com\/laestacion\/#organization","name":"La Estaci\u00f3n de Danza","url":"https:\/\/www.laestaciondedanza.com\/laestacion\/","logo":{"@type":"ImageObject","inLanguage":"es","@id":"https:\/\/www.laestaciondedanza.com\/laestacion\/#\/schema\/logo\/image\/","url":"https:\/\/www.laestaciondedanza.com\/laestacion\/wp-content\/uploads\/logo-claro.png","contentUrl":"https:\/\/www.laestaciondedanza.com\/laestacion\/wp-content\/uploads\/logo-claro.png","width":2048,"height":1356,"caption":"La Estaci\u00f3n de Danza"},"image":{"@id":"https:\/\/www.laestaciondedanza.com\/laestacion\/#\/schema\/logo\/image\/"}}]}},"_links":{"self":[{"href":"https:\/\/www.laestaciondedanza.com\/laestacion\/wp-json\/wp\/v2\/pages\/759","targetHints":{"allow":["GET"]}}],"collection":[{"href":"https:\/\/www.laestaciondedanza.com\/laestacion\/wp-json\/wp\/v2\/pages"}],"about":[{"href":"https:\/\/www.laestaciondedanza.com\/laestacion\/wp-json\/wp\/v2\/types\/page"}],"author":[{"embeddable":true,"href":"https:\/\/www.laestaciondedanza.com\/laestacion\/wp-json\/wp\/v2\/users\/5"}],"replies":[{"embeddable":true,"href":"https:\/\/www.laestaciondedanza.com\/laestacion\/wp-json\/wp\/v2\/comments?post=759"}],"version-history":[{"count":35,"href":"https:\/\/www.laestaciondedanza.com\/laestacion\/wp-json\/wp\/v2\/pages\/759\/revisions"}],"predecessor-version":[{"id":1608,"href":"https:\/\/www.laestaciondedanza.com\/laestacion\/wp-json\/wp\/v2\/pages\/759\/revisions\/1608"}],"wp:featuredmedia":[{"embeddable":true,"href":"https:\/\/www.laestaciondedanza.com\/laestacion\/wp-json\/wp\/v2\/media\/403"}],"wp:attachment":[{"href":"https:\/\/www.laestaciondedanza.com\/laestacion\/wp-json\/wp\/v2\/media?parent=759"}],"curies":[{"name":"wp","href":"https:\/\/api.w.org\/{rel}","templated":true}]}}