{"id":16,"date":"2021-09-21T16:46:56","date_gmt":"2021-09-21T19:46:56","guid":{"rendered":"http:\/\/www.laestaciondedanza.com\/laestacion\/?page_id=16"},"modified":"2023-08-16T11:34:14","modified_gmt":"2023-08-16T14:34:14","slug":"terminos-y-condiciones","status":"publish","type":"page","link":"https:\/\/www.laestaciondedanza.com\/laestacion\/terminos-y-condiciones\/","title":{"rendered":"T\u00e9rminos y Condiciones"},"content":{"rendered":"\t\t<div data-elementor-type=\"wp-page\" data-elementor-id=\"16\" class=\"elementor elementor-16\" data-elementor-post-type=\"page\">\n\t\t\t\t\t\t<section class=\"elementor-section elementor-top-section elementor-element elementor-element-eac9205 elementor-section-boxed elementor-section-height-default elementor-section-height-default\" data-id=\"eac9205\" data-element_type=\"section\" data-e-type=\"section\">\n\t\t\t\t\t\t<div class=\"elementor-container elementor-column-gap-default\">\n\t\t\t\t\t<div class=\"elementor-column elementor-col-100 elementor-top-column elementor-element elementor-element-35e78f1\" data-id=\"35e78f1\" data-element_type=\"column\" data-e-type=\"column\">\n\t\t\t<div class=\"elementor-widget-wrap elementor-element-populated\">\n\t\t\t\t\t\t<div class=\"elementor-element elementor-element-ca07062 elementor-widget elementor-widget-text-editor\" data-id=\"ca07062\" data-element_type=\"widget\" data-e-type=\"widget\" data-widget_type=\"text-editor.default\">\n\t\t\t\t<div class=\"elementor-widget-container\">\n\t\t\t\t\t\t\t\t\t<h2><b>T\u00e9rminos y Condiciones<\/b><\/h2>\n<h3><b>I. Alcance<\/b><\/h3>\n<span style=\"font-weight: 300;\">El Sitio Web de La Estaci\u00f3n de Danza es creado y puesto a disposici\u00f3n de manera gratuita a los usuarios de Internet, para su uso, y administrado por la empresa, y\/o quien en un futuro lo reemplace.<\/span>\n\n<span style=\"font-weight: 300;\">El Sitio Web tiene como finalidad la promoci\u00f3n de La Estaci\u00f3n de Danza y la informaci\u00f3n sobre los servicios, as\u00ed como servir de herramienta de aprendizaje con sus visitantes y personas interesadas.<\/span>\n\n<span style=\"font-weight: 300;\">El uso del Sitio Web presupone la plena aceptaci\u00f3n de las Condiciones de Uso y Pol\u00edticas de Privacidad, por lo que se recomienda al Usuario su lectura atenta, previa a la navegaci\u00f3n.<\/span>\n<h3><b>II. Modificaci\u00f3n de t\u00e9rminos y vigencia<\/b><\/h3>\n<span style=\"font-weight: 300;\">La Estaci\u00f3n de Danza puede alterar las condiciones de estos t\u00e9rminos en cualquier momento, sin comunicaci\u00f3n previa. Su uso continuo significa la aceptaci\u00f3n de esos cambios.<\/span>\n<h3><b>III. Responsabilidad<\/b><\/h3>\n<span style=\"font-weight: 300;\">La Estaci\u00f3n de Danza no se responsabiliza por da\u00f1os y p\u00e9rdidas que surjan en relaci\u00f3n con las consultas o visitas realizadas al Sitio Web.<\/span>\n\n<span style=\"font-weight: 300;\">La Estaci\u00f3n de Danza no puede garantizar que la transmisi\u00f3n de informaci\u00f3n por parte de los usuarios sea completamente segura. El usuario asume este riesgo.<\/span>\n\n<span style=\"font-weight: 300;\">El usuario se compromete a:<\/span>\n<ul>\n \t<li style=\"font-weight: 300;\" aria-level=\"1\"><span style=\"font-weight: 300;\">No intentar acceder a datos restringidos o a intentar violar las barreras de seguridad para llegar a ellos.<\/span><\/li>\n \t<li style=\"font-weight: 300;\" aria-level=\"1\"><span style=\"font-weight: 300;\">No realizar b\u00fasquedas de vulnerabilidades o explotaci\u00f3n de las mismas para cualquier fin.<\/span><\/li>\n \t<li style=\"font-weight: 300;\" aria-level=\"1\"><span style=\"font-weight: 300;\">No divulgar informaci\u00f3n acerca de la detecci\u00f3n de vulnerabilidades encontradas en el sitio.<\/span><\/li>\n \t<li style=\"font-weight: 300;\" aria-level=\"1\"><span style=\"font-weight: 300;\">Enviar informaci\u00f3n de vulnerabilidades detectadas en el sitio a consultas@laestaciondedanza.com<\/span><\/li>\n<\/ul>\n<span style=\"font-weight: 300;\">El usuario acepta las pol\u00edticas de privacidad.<\/span>\n<h3><b>IV. Limitaci\u00f3n de responsabilidad<\/b><\/h3>\n<span style=\"font-weight: 300;\">La Estaci\u00f3n de Danza no garantiza que el contenido del sitio Web sea exacto, completo, actual La Estaci\u00f3n de Danza se reserva el derecho de realizar cambios y\/o actualizaciones de cualquier informaci\u00f3n contenida en el sitio Web sin previo aviso.<\/span>\n\n<span style=\"font-weight: 300;\">La Estaci\u00f3n de Danza no se responsabiliza por cualquier da\u00f1o que resultara por el uso o la inhabilidad en el uso del sitio Web o cualquiera de los sitios enlazados, o descarga de cualquier informaci\u00f3n, dato, texto, imagen, video, audio, software u otros materiales accesibles a trav\u00e9s del mismo.<\/span>\n\n<span style=\"font-weight: 300;\">La Estaci\u00f3n de Danza no garantiza que las funciones contenidas en el sitio Web estar\u00e1n libres de interrupciones en el servicio o libres de error, tampoco garantiza inmediatez en la correcci\u00f3n de los defectos.<\/span>\n\n<span style=\"font-weight: 300;\">La Estaci\u00f3n de Danza se reserva el derecho, a su propia discreci\u00f3n y sin ninguna obligaci\u00f3n, de realizar mejoras o corregir cualquier error u omisi\u00f3n en cualquiera de los contenidos publicados.<\/span>\n\n<span style=\"font-weight: 300;\">La Estaci\u00f3n de Danza no se responsabiliza por el uso indebido que hagan los Usuarios de los contenidos del sitio Web; entendi\u00e9ndose por contenidos toda informaci\u00f3n, dato, texto, imagen, video, audio, software u otros materiales multimedia accesibles a trav\u00e9s del mismo.<\/span>\n<h3><b>V. Enlaces (links)<\/b><\/h3>\n<span style=\"font-weight: 300;\">Este sitio Web contiene enlaces o links a otros Sitios Web operados por otros administradores, que no son mantenidos ni controlados por este sistema, y en consecuencia, \u00e9ste no es responsable por sus contenidos o disponibilidad.<\/span>\n\n<span style=\"font-weight: 300;\">La instalaci\u00f3n de estos enlaces tiene por \u00fanico objeto facilitar a los usuarios la b\u00fasqueda de contenidos y servicios disponibles en Internet, as\u00ed como el acceso a la informaci\u00f3n. El establecimiento del enlace no implica la existencia de relaciones entre La Estaci\u00f3n de Danza y el propietario de la p\u00e1gina web en la que se establezca, ni la aceptaci\u00f3n y aprobaci\u00f3n por parte de La Estaci\u00f3n de Danza de sus contenidos o servicios.<\/span>\n\n<span style=\"font-weight: 300;\">La Estaci\u00f3n de Danza no asume responsabilidad alguna respecto a la precisi\u00f3n del contenido, el cumplimiento de las normas sobre derechos de autor, la legalidad o la decencia del contenido ni de los servicios a los que el usuario pueda acceder en dichas p\u00e1ginas. La Estaci\u00f3n de Danza tampoco asumir\u00e1 responsabilidad alguna por cualquier contenido, productos, servicios, publicidad, ni cualquier otro material disponible en los mismos.<\/span>\n\n<span style=\"font-weight: 300;\">Por lo descrito en los p\u00e1rrafos precedentes el Usuario deber\u00e1 verificar por s\u00ed mismo la Pol\u00edtica de Uso de cada Sitio Web enlazado.<\/span>\n<h3><b>Propiedad intelectual<\/b><\/h3>\n<span style=\"font-weight: 300;\">La Estaci\u00f3n de Danza quiere respetar los derechos de propiedad intelectual e industrial pertenecientes a los autores y creadores, as\u00ed como para impulsar a nuestros usuarios a respetarlos igualmente. La Estaci\u00f3n de Danza podr\u00e1 deshabilitar el acceso de los usuarios que infrinjan en sus comentarios los derechos de propiedad intelectual o industrial de terceros, y cancelar los contenidos correspondientes.<\/span>\n\n<span style=\"font-weight: 300;\">Todos los contenidos mostrados, as\u00ed como el aspecto visual del sitio web de la Empresa, son propiedad de La Estaci\u00f3n de Danza o han sido cedidos expl\u00edcita o impl\u00edcitamente por sus respectivos propietarios a los efectos oportunos. La informaci\u00f3n disponible a trav\u00e9s del sitio web de La Estaci\u00f3n de Danza est\u00e1 accesible para su visualizaci\u00f3n, pero no necesariamente para su acceso, descarga y utilizaci\u00f3n.<\/span>\n\n<span style=\"font-weight: 300;\">Los usuarios normalmente podr\u00e1n guardar o imprimir partes de ese sitio web para su propio uso personal y no comercial.<\/span>\n\n<span style=\"font-weight: 300;\">Cualquier otro uso, incluyendo la reproducci\u00f3n, distribuci\u00f3n, comunicaci\u00f3n p\u00fablica y transformaci\u00f3n est\u00e1, salvo expresa declaraci\u00f3n en contrario, prohibida.<\/span>\n\n<span style=\"font-weight: 300;\">El sitio web de la Empresa puede contener informaci\u00f3n de propiedad exclusiva de La Estaci\u00f3n de Danza, privilegiada o amparada por el secreto administrativo. El acceso no autorizado, uso, reproducci\u00f3n, o divulgaci\u00f3n est\u00e1n prohibidos.<\/span>\n\n<span style=\"font-weight: 300;\">No deber\u00e1 utilizar, revelar, distribuir, imprimir o copiar tales contenidos ni ninguna de sus partes si usted no es el destinatario.<\/span>\n\n<span style=\"font-weight: 300;\">En el caso de que usted considere que la publicaci\u00f3n de cualquier contenido vulnera sus derechos, deber\u00e1 ponerse en contacto con La Estaci\u00f3n de Danza a trav\u00e9s de nuestro formulario de comentarios identific\u00e1ndose personalmente e indicando la supuesta actividad il\u00edcita y, en particular, cuando se trate de una supuesta violaci\u00f3n de derechos de propiedad intelectual o industrial, descripci\u00f3n precisa y concreta de los contenidos protegidos, as\u00ed como de su exacta localizaci\u00f3n. La Estaci\u00f3n de Danza analizar\u00e1 internamente su comunicaci\u00f3n, adoptando aquellas medidas que entienda oportunas, en virtud de lo dispuesto en la legislaci\u00f3n aplicable.<\/span>\n\n<span style=\"font-weight: 300;\">Si usted desea solicitar autorizaci\u00f3n para utilizar cualquier marca, logotipo, dise\u00f1o, o cualesquiera otros contenidos del sitio web de La Estaci\u00f3n de Danza, deber\u00e1 remitirnos la siguiente informaci\u00f3n con el fin de analizar su solicitud:<\/span>\n<ul>\n \t<li style=\"font-weight: 300;\" aria-level=\"1\"><span style=\"font-weight: 300;\">Nombre de la organizaci\u00f3n, empresa o persona solicitante.<\/span><\/li>\n \t<li style=\"font-weight: 300;\" aria-level=\"1\"><span style=\"font-weight: 300;\">Direcci\u00f3n de la organizaci\u00f3n y otra serie de datos de contacto (email, tel\u00e9fono, etc).<\/span><\/li>\n \t<li style=\"font-weight: 300;\" aria-level=\"1\"><span style=\"font-weight: 300;\">Estado donde la compa\u00f1\u00eda se halla domiciliada.<\/span><\/li>\n \t<li style=\"font-weight: 300;\" aria-level=\"1\"><span style=\"font-weight: 300;\">N\u00famero registral de la compa\u00f1\u00eda.<\/span><\/li>\n \t<li style=\"font-weight: 300;\" aria-level=\"1\"><span style=\"font-weight: 300;\">Nombre de la publicaci\u00f3n o sitio web o similares donde el material de La Estaci\u00f3n de Danza aparecer\u00eda.<\/span><\/li>\n \t<li style=\"font-weight: 300;\" aria-level=\"1\"><span style=\"font-weight: 300;\">Determinaci\u00f3n exacta de los logos u otros materiales que ser\u00edan utilizados.<\/span><\/li>\n \t<li style=\"font-weight: 300;\" aria-level=\"1\"><span style=\"font-weight: 300;\">Captura de pantalla de la publicaci\u00f3n o sitio web o similar donde el material de La Estaci\u00f3n de Danza aparecer\u00eda.<\/span><\/li>\n \t<li style=\"font-weight: 300;\" aria-level=\"1\"><span style=\"font-weight: 300;\">La Estaci\u00f3n de Danza s\u00f3lo podr\u00e1 autorizar el uso sobre los materiales del sitio web de la Empresa, para la utilizaci\u00f3n de los materiales de cualquier otra entidad deber\u00e1 ponerse en contacto directamente con sus responsables.<\/span><\/li>\n<\/ul>\n<h3><b>VI. Soluci\u00f3n de conflictos, jurisdicci\u00f3n y domicilio legal<\/b><\/h3>\n<span style=\"font-weight: 300;\">La relaci\u00f3n existente entre La Estaci\u00f3n de Danza y los usuarios se basa en los principios de buena fe y cordialidad en atenci\u00f3n a los fines perseguidos. En caso de surgir controversias en relaci\u00f3n a la interpretaci\u00f3n o implementaci\u00f3n de las presentes condiciones de uso, acuerdan solucionarlas de com\u00fan acuerdo. De persistir las mismas, se someter\u00e1n a la competencia de los Tribunales Nacionales, renunciando expresamente a cualquier otro fuero o jurisdicci\u00f3n que pudiera corresponder.<\/span>\n\t\t\t\t\t\t\t\t<\/div>\n\t\t\t\t<\/div>\n\t\t\t\t\t<\/div>\n\t\t<\/div>\n\t\t\t\t\t<\/div>\n\t\t<\/section>\n\t\t\t\t<\/div>\n\t\t","protected":false},"excerpt":{"rendered":"<p>T\u00e9rminos y Condiciones I. Alcance El Sitio Web de es creado y puesto a disposici\u00f3n de manera gratuita a los usuarios de Internet, para su uso, y administrado por la empresa, y\/o quien en un futuro lo reemplace. El Sitio Web tiene como finalidad la promoci\u00f3n de y la informaci\u00f3n sobre los servicios, as\u00ed como [&hellip;]<\/p>\n","protected":false},"author":3,"featured_media":403,"parent":0,"menu_order":0,"comment_status":"closed","ping_status":"closed","template":"elementor_header_footer","meta":{"footnotes":""},"class_list":["post-16","page","type-page","status-publish","has-post-thumbnail","hentry"],"yoast_head":"<!-- This site is optimized with the Yoast SEO plugin v27.5 - https:\/\/yoast.com\/product\/yoast-seo-wordpress\/ -->\n<title>\u25b7 T\u00e9rminos y Condiciones | La Estaci\u00f3n de Danza<\/title>\n<meta name=\"robots\" content=\"noindex, nofollow\" \/>\n<meta property=\"og:locale\" content=\"es_ES\" \/>\n<meta property=\"og:type\" content=\"article\" \/>\n<meta property=\"og:title\" content=\"\u25b7 T\u00e9rminos y Condiciones | La Estaci\u00f3n de Danza\" \/>\n<meta property=\"og:description\" content=\"T\u00e9rminos y Condiciones I. Alcance El Sitio Web de es creado y puesto a disposici\u00f3n de manera gratuita a los usuarios de Internet, para su uso, y administrado por la empresa, y\/o quien en un futuro lo reemplace. El Sitio Web tiene como finalidad la promoci\u00f3n de y la informaci\u00f3n sobre los servicios, as\u00ed como [&hellip;]\" \/>\n<meta property=\"og:url\" content=\"https:\/\/www.laestaciondedanza.com\/laestacion\/terminos-y-condiciones\/\" \/>\n<meta property=\"og:site_name\" content=\"La Estaci\u00f3n de Danza\" \/>\n<meta property=\"article:modified_time\" content=\"2023-08-16T14:34:14+00:00\" \/>\n<meta property=\"og:image\" content=\"https:\/\/www.laestaciondedanza.com\/laestacion\/wp-content\/uploads\/Estacion-de-Danza-img-destacada.png\" \/>\n\t<meta property=\"og:image:width\" content=\"512\" \/>\n\t<meta property=\"og:image:height\" content=\"512\" \/>\n\t<meta property=\"og:image:type\" content=\"image\/png\" \/>\n<meta name=\"twitter:card\" content=\"summary_large_image\" \/>\n<script type=\"application\/ld+json\" class=\"yoast-schema-graph\">{\"@context\":\"https:\\\/\\\/schema.org\",\"@graph\":[{\"@type\":\"WebPage\",\"@id\":\"https:\\\/\\\/www.laestaciondedanza.com\\\/laestacion\\\/terminos-y-condiciones\\\/\",\"url\":\"https:\\\/\\\/www.laestaciondedanza.com\\\/laestacion\\\/terminos-y-condiciones\\\/\",\"name\":\"\u25b7 T\u00e9rminos y Condiciones | La Estaci\u00f3n de Danza\",\"isPartOf\":{\"@id\":\"https:\\\/\\\/www.laestaciondedanza.com\\\/laestacion\\\/#website\"},\"primaryImageOfPage\":{\"@id\":\"https:\\\/\\\/www.laestaciondedanza.com\\\/laestacion\\\/terminos-y-condiciones\\\/#primaryimage\"},\"image\":{\"@id\":\"https:\\\/\\\/www.laestaciondedanza.com\\\/laestacion\\\/terminos-y-condiciones\\\/#primaryimage\"},\"thumbnailUrl\":\"https:\\\/\\\/www.laestaciondedanza.com\\\/laestacion\\\/wp-content\\\/uploads\\\/Estacion-de-Danza-img-destacada.png\",\"datePublished\":\"2021-09-21T19:46:56+00:00\",\"dateModified\":\"2023-08-16T14:34:14+00:00\",\"breadcrumb\":{\"@id\":\"https:\\\/\\\/www.laestaciondedanza.com\\\/laestacion\\\/terminos-y-condiciones\\\/#breadcrumb\"},\"inLanguage\":\"es\",\"potentialAction\":[{\"@type\":\"ReadAction\",\"target\":[\"https:\\\/\\\/www.laestaciondedanza.com\\\/laestacion\\\/terminos-y-condiciones\\\/\"]}]},{\"@type\":\"ImageObject\",\"inLanguage\":\"es\",\"@id\":\"https:\\\/\\\/www.laestaciondedanza.com\\\/laestacion\\\/terminos-y-condiciones\\\/#primaryimage\",\"url\":\"https:\\\/\\\/www.laestaciondedanza.com\\\/laestacion\\\/wp-content\\\/uploads\\\/Estacion-de-Danza-img-destacada.png\",\"contentUrl\":\"https:\\\/\\\/www.laestaciondedanza.com\\\/laestacion\\\/wp-content\\\/uploads\\\/Estacion-de-Danza-img-destacada.png\",\"width\":512,\"height\":512},{\"@type\":\"BreadcrumbList\",\"@id\":\"https:\\\/\\\/www.laestaciondedanza.com\\\/laestacion\\\/terminos-y-condiciones\\\/#breadcrumb\",\"itemListElement\":[{\"@type\":\"ListItem\",\"position\":1,\"name\":\"Portada\",\"item\":\"https:\\\/\\\/www.laestaciondedanza.com\\\/laestacion\\\/\"},{\"@type\":\"ListItem\",\"position\":2,\"name\":\"T\u00e9rminos y Condiciones\"}]},{\"@type\":\"WebSite\",\"@id\":\"https:\\\/\\\/www.laestaciondedanza.com\\\/laestacion\\\/#website\",\"url\":\"https:\\\/\\\/www.laestaciondedanza.com\\\/laestacion\\\/\",\"name\":\"La Estaci\u00f3n de Danza\",\"description\":\"\",\"publisher\":{\"@id\":\"https:\\\/\\\/www.laestaciondedanza.com\\\/laestacion\\\/#organization\"},\"potentialAction\":[{\"@type\":\"SearchAction\",\"target\":{\"@type\":\"EntryPoint\",\"urlTemplate\":\"https:\\\/\\\/www.laestaciondedanza.com\\\/laestacion\\\/?s={search_term_string}\"},\"query-input\":{\"@type\":\"PropertyValueSpecification\",\"valueRequired\":true,\"valueName\":\"search_term_string\"}}],\"inLanguage\":\"es\"},{\"@type\":\"Organization\",\"@id\":\"https:\\\/\\\/www.laestaciondedanza.com\\\/laestacion\\\/#organization\",\"name\":\"La Estaci\u00f3n de Danza\",\"url\":\"https:\\\/\\\/www.laestaciondedanza.com\\\/laestacion\\\/\",\"logo\":{\"@type\":\"ImageObject\",\"inLanguage\":\"es\",\"@id\":\"https:\\\/\\\/www.laestaciondedanza.com\\\/laestacion\\\/#\\\/schema\\\/logo\\\/image\\\/\",\"url\":\"https:\\\/\\\/www.laestaciondedanza.com\\\/laestacion\\\/wp-content\\\/uploads\\\/logo-claro.png\",\"contentUrl\":\"https:\\\/\\\/www.laestaciondedanza.com\\\/laestacion\\\/wp-content\\\/uploads\\\/logo-claro.png\",\"width\":2048,\"height\":1356,\"caption\":\"La Estaci\u00f3n de Danza\"},\"image\":{\"@id\":\"https:\\\/\\\/www.laestaciondedanza.com\\\/laestacion\\\/#\\\/schema\\\/logo\\\/image\\\/\"}}]}<\/script>\n<!-- \/ Yoast SEO plugin. -->","yoast_head_json":{"title":"\u25b7 T\u00e9rminos y Condiciones | La Estaci\u00f3n de Danza","robots":{"index":"noindex","follow":"nofollow"},"og_locale":"es_ES","og_type":"article","og_title":"\u25b7 T\u00e9rminos y Condiciones | La Estaci\u00f3n de Danza","og_description":"T\u00e9rminos y Condiciones I. Alcance El Sitio Web de es creado y puesto a disposici\u00f3n de manera gratuita a los usuarios de Internet, para su uso, y administrado por la empresa, y\/o quien en un futuro lo reemplace. El Sitio Web tiene como finalidad la promoci\u00f3n de y la informaci\u00f3n sobre los servicios, as\u00ed como [&hellip;]","og_url":"https:\/\/www.laestaciondedanza.com\/laestacion\/terminos-y-condiciones\/","og_site_name":"La Estaci\u00f3n de Danza","article_modified_time":"2023-08-16T14:34:14+00:00","og_image":[{"width":512,"height":512,"url":"https:\/\/www.laestaciondedanza.com\/laestacion\/wp-content\/uploads\/Estacion-de-Danza-img-destacada.png","type":"image\/png"}],"twitter_card":"summary_large_image","schema":{"@context":"https:\/\/schema.org","@graph":[{"@type":"WebPage","@id":"https:\/\/www.laestaciondedanza.com\/laestacion\/terminos-y-condiciones\/","url":"https:\/\/www.laestaciondedanza.com\/laestacion\/terminos-y-condiciones\/","name":"\u25b7 T\u00e9rminos y Condiciones | La Estaci\u00f3n de Danza","isPartOf":{"@id":"https:\/\/www.laestaciondedanza.com\/laestacion\/#website"},"primaryImageOfPage":{"@id":"https:\/\/www.laestaciondedanza.com\/laestacion\/terminos-y-condiciones\/#primaryimage"},"image":{"@id":"https:\/\/www.laestaciondedanza.com\/laestacion\/terminos-y-condiciones\/#primaryimage"},"thumbnailUrl":"https:\/\/www.laestaciondedanza.com\/laestacion\/wp-content\/uploads\/Estacion-de-Danza-img-destacada.png","datePublished":"2021-09-21T19:46:56+00:00","dateModified":"2023-08-16T14:34:14+00:00","breadcrumb":{"@id":"https:\/\/www.laestaciondedanza.com\/laestacion\/terminos-y-condiciones\/#breadcrumb"},"inLanguage":"es","potentialAction":[{"@type":"ReadAction","target":["https:\/\/www.laestaciondedanza.com\/laestacion\/terminos-y-condiciones\/"]}]},{"@type":"ImageObject","inLanguage":"es","@id":"https:\/\/www.laestaciondedanza.com\/laestacion\/terminos-y-condiciones\/#primaryimage","url":"https:\/\/www.laestaciondedanza.com\/laestacion\/wp-content\/uploads\/Estacion-de-Danza-img-destacada.png","contentUrl":"https:\/\/www.laestaciondedanza.com\/laestacion\/wp-content\/uploads\/Estacion-de-Danza-img-destacada.png","width":512,"height":512},{"@type":"BreadcrumbList","@id":"https:\/\/www.laestaciondedanza.com\/laestacion\/terminos-y-condiciones\/#breadcrumb","itemListElement":[{"@type":"ListItem","position":1,"name":"Portada","item":"https:\/\/www.laestaciondedanza.com\/laestacion\/"},{"@type":"ListItem","position":2,"name":"T\u00e9rminos y Condiciones"}]},{"@type":"WebSite","@id":"https:\/\/www.laestaciondedanza.com\/laestacion\/#website","url":"https:\/\/www.laestaciondedanza.com\/laestacion\/","name":"La Estaci\u00f3n de Danza","description":"","publisher":{"@id":"https:\/\/www.laestaciondedanza.com\/laestacion\/#organization"},"potentialAction":[{"@type":"SearchAction","target":{"@type":"EntryPoint","urlTemplate":"https:\/\/www.laestaciondedanza.com\/laestacion\/?s={search_term_string}"},"query-input":{"@type":"PropertyValueSpecification","valueRequired":true,"valueName":"search_term_string"}}],"inLanguage":"es"},{"@type":"Organization","@id":"https:\/\/www.laestaciondedanza.com\/laestacion\/#organization","name":"La Estaci\u00f3n de Danza","url":"https:\/\/www.laestaciondedanza.com\/laestacion\/","logo":{"@type":"ImageObject","inLanguage":"es","@id":"https:\/\/www.laestaciondedanza.com\/laestacion\/#\/schema\/logo\/image\/","url":"https:\/\/www.laestaciondedanza.com\/laestacion\/wp-content\/uploads\/logo-claro.png","contentUrl":"https:\/\/www.laestaciondedanza.com\/laestacion\/wp-content\/uploads\/logo-claro.png","width":2048,"height":1356,"caption":"La Estaci\u00f3n de Danza"},"image":{"@id":"https:\/\/www.laestaciondedanza.com\/laestacion\/#\/schema\/logo\/image\/"}}]}},"_links":{"self":[{"href":"https:\/\/www.laestaciondedanza.com\/laestacion\/wp-json\/wp\/v2\/pages\/16","targetHints":{"allow":["GET"]}}],"collection":[{"href":"https:\/\/www.laestaciondedanza.com\/laestacion\/wp-json\/wp\/v2\/pages"}],"about":[{"href":"https:\/\/www.laestaciondedanza.com\/laestacion\/wp-json\/wp\/v2\/types\/page"}],"author":[{"embeddable":true,"href":"https:\/\/www.laestaciondedanza.com\/laestacion\/wp-json\/wp\/v2\/users\/3"}],"replies":[{"embeddable":true,"href":"https:\/\/www.laestaciondedanza.com\/laestacion\/wp-json\/wp\/v2\/comments?post=16"}],"version-history":[{"count":7,"href":"https:\/\/www.laestaciondedanza.com\/laestacion\/wp-json\/wp\/v2\/pages\/16\/revisions"}],"predecessor-version":[{"id":592,"href":"https:\/\/www.laestaciondedanza.com\/laestacion\/wp-json\/wp\/v2\/pages\/16\/revisions\/592"}],"wp:featuredmedia":[{"embeddable":true,"href":"https:\/\/www.laestaciondedanza.com\/laestacion\/wp-json\/wp\/v2\/media\/403"}],"wp:attachment":[{"href":"https:\/\/www.laestaciondedanza.com\/laestacion\/wp-json\/wp\/v2\/media?parent=16"}],"curies":[{"name":"wp","href":"https:\/\/api.w.org\/{rel}","templated":true}]}}