{"id":10,"date":"2021-09-21T16:46:01","date_gmt":"2021-09-21T19:46:01","guid":{"rendered":"http:\/\/www.laestaciondedanza.com\/laestacion\/?page_id=10"},"modified":"2023-09-25T15:05:57","modified_gmt":"2023-09-25T18:05:57","slug":"inicio","status":"publish","type":"page","link":"https:\/\/www.laestaciondedanza.com\/laestacion\/","title":{"rendered":"Inicio"},"content":{"rendered":"\t\t<div data-elementor-type=\"wp-page\" data-elementor-id=\"10\" class=\"elementor elementor-10\" data-elementor-post-type=\"page\">\n\t\t\t\t<div class=\"elementor-element elementor-element-3af7d0e e-con-full e-flex e-con e-parent\" data-id=\"3af7d0e\" data-element_type=\"container\" data-e-type=\"container\">\n\t\t\t\t<div class=\"elementor-element elementor-element-139f390 elementor-widget elementor-widget-video\" data-id=\"139f390\" data-element_type=\"widget\" data-e-type=\"widget\" data-settings=\"{&quot;video_type&quot;:&quot;vimeo&quot;,&quot;autoplay&quot;:&quot;yes&quot;,&quot;play_on_mobile&quot;:&quot;yes&quot;,&quot;loop&quot;:&quot;yes&quot;,&quot;start&quot;:1}\" data-widget_type=\"video.default\">\n\t\t\t\t<div class=\"elementor-widget-container\">\n\t\t\t\t\t\t\t<div class=\"elementor-wrapper elementor-open-inline\">\n\t\t\t<iframe class=\"elementor-video-iframe\" allowfullscreen allow=\"autoplay\" title=\"Reproductor de v\u00eddeo vimeo\" src=\"https:\/\/player.vimeo.com\/video\/851015817?autoplay=1&amp;playsinline=1&amp;color&amp;autopause=0&amp;loop=1&amp;muted=0&amp;title=0&amp;portrait=0&amp;byline=0#t=00h00m01s\"><\/iframe>\t\t<\/div>\n\t\t\t\t\t\t<\/div>\n\t\t\t\t<\/div>\n\t\t\t\t<\/div>\n\t\t<div class=\"elementor-element elementor-element-694cb7e e-flex e-con-boxed e-con e-parent\" data-id=\"694cb7e\" data-element_type=\"container\" data-e-type=\"container\" data-settings=\"{&quot;background_background&quot;:&quot;gradient&quot;}\">\n\t\t\t\t\t<div class=\"e-con-inner\">\n\t\t\t\t<div class=\"elementor-element elementor-element-4ec20b0 elementor-widget__width-initial elementor-widget elementor-widget-heading\" data-id=\"4ec20b0\" data-element_type=\"widget\" data-e-type=\"widget\" data-widget_type=\"heading.default\">\n\t\t\t\t<div class=\"elementor-widget-container\">\n\t\t\t\t\t<h2 class=\"elementor-heading-title elementor-size-default\">Eleg\u00ed el pack de clases que m\u00e1s te guste<\/h2>\t\t\t\t<\/div>\n\t\t\t\t<\/div>\n\t\t\t\t<div class=\"elementor-element elementor-element-1db58fc elementor-widget elementor-widget-text-editor\" data-id=\"1db58fc\" data-element_type=\"widget\" data-e-type=\"widget\" data-widget_type=\"text-editor.default\">\n\t\t\t\t<div class=\"elementor-widget-container\">\n\t\t\t\t\t\t\t\t\tInscribite a nuestras clases y comenz\u00e1 a marcar la diferencia.\t\t\t\t\t\t\t\t<\/div>\n\t\t\t\t<\/div>\n\t\t<div class=\"elementor-element elementor-element-b78e4e9 e-flex e-con-boxed e-con e-child\" data-id=\"b78e4e9\" data-element_type=\"container\" data-e-type=\"container\">\n\t\t\t\t\t<div class=\"e-con-inner\">\n\t\t\t\t<div class=\"elementor-element elementor-element-3738f29 elementor-widget__width-initial elementor-widget-tablet__width-inherit elementor-cta--skin-classic elementor-animated-content elementor-bg-transform elementor-bg-transform-zoom-in elementor-widget elementor-widget-call-to-action\" data-id=\"3738f29\" data-element_type=\"widget\" data-e-type=\"widget\" data-widget_type=\"call-to-action.default\">\n\t\t\t\t<div class=\"elementor-widget-container\">\n\t\t\t\t\t\t\t<div class=\"elementor-cta\">\n\t\t\t\t\t\t\t<div class=\"elementor-cta__content\">\n\t\t\t\t\n\t\t\t\t\t\t\t\t\t<h3 class=\"elementor-cta__title elementor-cta__content-item elementor-content-item\">\n\t\t\t\t\t\tClases sueltas\t\t\t\t\t<\/h3>\n\t\t\t\t\n\t\t\t\t\t\t\t\t\t<div class=\"elementor-cta__description elementor-cta__content-item elementor-content-item\">\n\t\t\t\t\t\tSeleccion\u00e1 el profe y la clase que quieras, luego pagas y ya queda reservada. Pod\u00e9s comprar hasta 3 clases sueltas al mismo tiempo.\t\t\t\t\t<\/div>\n\t\t\t\t\n\t\t\t\t\t\t\t\t\t<div class=\"elementor-cta__button-wrapper elementor-cta__content-item elementor-content-item \">\n\t\t\t\t\t<a class=\"elementor-cta__button elementor-button elementor-size-\" href=\"https:\/\/www.laestaciondedanza.com\/laestacion\/profesores\/\">\n\t\t\t\t\t\tVer m\u00e1s\t\t\t\t\t<\/a>\n\t\t\t\t\t<\/div>\n\t\t\t\t\t\t\t<\/div>\n\t\t\t\t\t\t<\/div>\n\t\t\t\t\t\t<\/div>\n\t\t\t\t<\/div>\n\t\t\t\t<div class=\"elementor-element elementor-element-9158914 elementor-widget__width-initial elementor-widget-tablet__width-inherit elementor-cta--skin-classic elementor-animated-content elementor-bg-transform elementor-bg-transform-zoom-in elementor-widget elementor-widget-call-to-action\" data-id=\"9158914\" data-element_type=\"widget\" data-e-type=\"widget\" data-widget_type=\"call-to-action.default\">\n\t\t\t\t<div class=\"elementor-widget-container\">\n\t\t\t\t\t\t\t<div class=\"elementor-cta\">\n\t\t\t\t\t\t\t<div class=\"elementor-cta__content\">\n\t\t\t\t\n\t\t\t\t\t\t\t\t\t<h3 class=\"elementor-cta__title elementor-cta__content-item elementor-content-item\">\n\t\t\t\t\t\tPacks libres\t\t\t\t\t<\/h3>\n\t\t\t\t\n\t\t\t\t\t\t\t\t\t<div class=\"elementor-cta__description elementor-cta__content-item elementor-content-item\">\n\t\t\t\t\t\tCompr\u00e1 tu pack de 5 o 10 clases y luego podr\u00e1s seleccionar cualquier clase de nuestra grilla. Se te ir\u00e1 descontando de tu pack autom\u00e1ticamente.\t\t\t\t\t<\/div>\n\t\t\t\t\n\t\t\t\t\t\t\t\t\t<div class=\"elementor-cta__button-wrapper elementor-cta__content-item elementor-content-item \">\n\t\t\t\t\t<a class=\"elementor-cta__button elementor-button elementor-size-\" href=\"https:\/\/www.laestaciondedanza.com\/laestacion\/packs-libres\/\">\n\t\t\t\t\t\tVer m\u00e1s\t\t\t\t\t<\/a>\n\t\t\t\t\t<\/div>\n\t\t\t\t\t\t\t<\/div>\n\t\t\t\t\t\t<\/div>\n\t\t\t\t\t\t<\/div>\n\t\t\t\t<\/div>\n\t\t\t\t<div class=\"elementor-element elementor-element-9d08e24 elementor-widget__width-initial elementor-widget-tablet__width-inherit elementor-cta--skin-classic elementor-animated-content elementor-bg-transform elementor-bg-transform-zoom-in elementor-widget elementor-widget-call-to-action\" data-id=\"9d08e24\" data-element_type=\"widget\" data-e-type=\"widget\" data-widget_type=\"call-to-action.default\">\n\t\t\t\t<div class=\"elementor-widget-container\">\n\t\t\t\t\t\t\t<div class=\"elementor-cta\">\n\t\t\t\t\t\t\t<div class=\"elementor-cta__content\">\n\t\t\t\t\n\t\t\t\t\t\t\t\t\t<h3 class=\"elementor-cta__title elementor-cta__content-item elementor-content-item\">\n\t\t\t\t\t\tPack mensual\t\t\t\t\t<\/h3>\n\t\t\t\t\n\t\t\t\t\t\t\t\t\t<div class=\"elementor-cta__description elementor-cta__content-item elementor-content-item\">\n\t\t\t\t\t\tReserv\u00e1 el mes completo del profe y la clase que quieras. Incluye todas las clases del mes calendario.\t\t\t\t\t<\/div>\n\t\t\t\t\n\t\t\t\t\t\t\t\t\t<div class=\"elementor-cta__button-wrapper elementor-cta__content-item elementor-content-item \">\n\t\t\t\t\t<a class=\"elementor-cta__button elementor-button elementor-size-\" href=\"https:\/\/www.laestaciondedanza.com\/laestacion\/producto\/pack-mensual\/\">\n\t\t\t\t\t\tVer m\u00e1s\t\t\t\t\t<\/a>\n\t\t\t\t\t<\/div>\n\t\t\t\t\t\t\t<\/div>\n\t\t\t\t\t\t<\/div>\n\t\t\t\t\t\t<\/div>\n\t\t\t\t<\/div>\n\t\t\t\t\t<\/div>\n\t\t\t\t<\/div>\n\t\t\t\t\t<\/div>\n\t\t\t\t<\/div>\n\t\t<div class=\"elementor-element elementor-element-d6b937b e-flex e-con-boxed e-con e-parent\" data-id=\"d6b937b\" data-element_type=\"container\" data-e-type=\"container\" data-settings=\"{&quot;background_background&quot;:&quot;classic&quot;}\">\n\t\t\t\t\t<div class=\"e-con-inner\">\n\t\t<div class=\"elementor-element elementor-element-bdf63ba e-flex e-con-boxed e-con e-child\" data-id=\"bdf63ba\" data-element_type=\"container\" data-e-type=\"container\">\n\t\t\t\t\t<div class=\"e-con-inner\">\n\t\t\t\t<div class=\"elementor-element elementor-element-175a5f7 elementor-widget elementor-widget-image\" data-id=\"175a5f7\" data-element_type=\"widget\" data-e-type=\"widget\" data-widget_type=\"image.default\">\n\t\t\t\t<div class=\"elementor-widget-container\">\n\t\t\t\t\t\t\t\t\t\t\t\t\t\t\t<img fetchpriority=\"high\" decoding=\"async\" width=\"680\" height=\"510\" src=\"https:\/\/www.laestaciondedanza.com\/laestacion\/wp-content\/uploads\/2018-03-21.jpg\" class=\"attachment-large size-large wp-image-241\" alt=\"\" srcset=\"https:\/\/www.laestaciondedanza.com\/laestacion\/wp-content\/uploads\/2018-03-21.jpg 680w, https:\/\/www.laestaciondedanza.com\/laestacion\/wp-content\/uploads\/2018-03-21-600x450.jpg 600w\" sizes=\"(max-width: 680px) 100vw, 680px\" \/>\t\t\t\t\t\t\t\t\t\t\t\t\t\t\t<\/div>\n\t\t\t\t<\/div>\n\t\t\t\t\t<\/div>\n\t\t\t\t<\/div>\n\t\t<div class=\"elementor-element elementor-element-12109c8 e-con-full e-flex e-con e-child\" data-id=\"12109c8\" data-element_type=\"container\" data-e-type=\"container\">\n\t\t<div class=\"elementor-element elementor-element-76683c5 e-con-full e-flex e-con e-child\" data-id=\"76683c5\" data-element_type=\"container\" data-e-type=\"container\" data-settings=\"{&quot;background_background&quot;:&quot;gradient&quot;}\">\n\t\t\t\t<\/div>\n\t\t\t\t<div class=\"elementor-element elementor-element-3d5d674 elementor-widget elementor-widget-heading\" data-id=\"3d5d674\" data-element_type=\"widget\" data-e-type=\"widget\" data-widget_type=\"heading.default\">\n\t\t\t\t<div class=\"elementor-widget-container\">\n\t\t\t\t\t<h2 class=\"elementor-heading-title elementor-size-default\">Quienes<br>somos<\/h2>\t\t\t\t<\/div>\n\t\t\t\t<\/div>\n\t\t\t\t<div class=\"elementor-element elementor-element-15fd876 elementor-widget elementor-widget-text-editor\" data-id=\"15fd876\" data-element_type=\"widget\" data-e-type=\"widget\" data-widget_type=\"text-editor.default\">\n\t\t\t\t<div class=\"elementor-widget-container\">\n\t\t\t\t\t\t\t\t\t<p><strong>La Estaci\u00f3n de Danza es la parada obligatoria para todos los amantes del movimiento.<\/strong><\/p><p>Somos un estudio enfocado en el crecimiento de la danza a trav\u00e9s de la diversidad de clases para todos las edades y niveles, ofreciendo entrenamiento de calidad en distintos estilos. Tenemos 4 niveles: B\u00e1sico inicial; Principiante; Principiante\/intermedio; Intermedio\/Avanzado.<\/p><p>Contamos con un Team de profesores de lujo, con mucha trayectoria profesional y pasi\u00f3n por ense\u00f1ar.<\/p><p>Nuestro objetivo es, adem\u00e1s, generar un lugar de pertenencia para todos aquellos que quieran ser parte. \u00a1S\u00f3lo ten\u00e9s que animarte!<\/p>\t\t\t\t\t\t\t\t<\/div>\n\t\t\t\t<\/div>\n\t\t\t\t<\/div>\n\t\t\t\t\t<\/div>\n\t\t\t\t<\/div>\n\t\t\t\t<\/div>\n\t\t","protected":false},"excerpt":{"rendered":"<p>Eleg\u00ed el pack de clases que m\u00e1s te guste Inscribite a nuestras clases y comenz\u00e1 a marcar la diferencia. Clases sueltas Seleccion\u00e1 el profe y la clase que quieras, luego pagas y ya queda reservada. Pod\u00e9s comprar hasta 3 clases sueltas al mismo tiempo. Ver m\u00e1s Packs libres Compr\u00e1 tu pack de 5 o 10 [&hellip;]<\/p>\n","protected":false},"author":3,"featured_media":403,"parent":0,"menu_order":0,"comment_status":"closed","ping_status":"closed","template":"elementor_header_footer","meta":{"footnotes":""},"class_list":["post-10","page","type-page","status-publish","has-post-thumbnail","hentry"],"yoast_head":"<!-- This site is optimized with the Yoast SEO plugin v27.5 - https:\/\/yoast.com\/product\/yoast-seo-wordpress\/ -->\n<title>\u25b7 Somos tu parada obligatoria | La Estaci\u00f3n de Danza<\/title>\n<meta name=\"description\" content=\"Estudio de danza. \u2713 Clases para todos las edades y niveles. \u2713 La parada obligatoria para los amantes del movimiento. \u2713 \u00a1Reserv\u00e1 tu clase!\" \/>\n<meta name=\"robots\" content=\"index, follow, max-snippet:-1, max-image-preview:large, max-video-preview:-1\" \/>\n<link rel=\"canonical\" href=\"https:\/\/www.laestaciondedanza.com\/laestacion\/\" \/>\n<meta property=\"og:locale\" content=\"es_ES\" \/>\n<meta property=\"og:type\" content=\"article\" \/>\n<meta property=\"og:title\" content=\"\u25b7 Somos tu parada obligatoria | La Estaci\u00f3n de Danza\" \/>\n<meta property=\"og:description\" content=\"Estudio de danza. \u2713 Clases para todos las edades y niveles. \u2713 La parada obligatoria para los amantes del movimiento. \u2713 \u00a1Reserv\u00e1 tu clase!\" \/>\n<meta property=\"og:url\" content=\"https:\/\/www.laestaciondedanza.com\/laestacion\/\" \/>\n<meta property=\"og:site_name\" content=\"La Estaci\u00f3n de Danza\" \/>\n<meta property=\"article:modified_time\" content=\"2023-09-25T18:05:57+00:00\" \/>\n<meta property=\"og:image\" content=\"https:\/\/www.laestaciondedanza.com\/laestacion\/wp-content\/uploads\/Estacion-de-Danza-img-destacada.png\" \/>\n\t<meta property=\"og:image:width\" content=\"512\" \/>\n\t<meta property=\"og:image:height\" content=\"512\" \/>\n\t<meta property=\"og:image:type\" content=\"image\/png\" \/>\n<meta name=\"twitter:card\" content=\"summary_large_image\" \/>\n<script type=\"application\/ld+json\" class=\"yoast-schema-graph\">{\"@context\":\"https:\\\/\\\/schema.org\",\"@graph\":[{\"@type\":\"WebPage\",\"@id\":\"https:\\\/\\\/www.laestaciondedanza.com\\\/laestacion\\\/\",\"url\":\"https:\\\/\\\/www.laestaciondedanza.com\\\/laestacion\\\/\",\"name\":\"\u25b7 Somos tu parada obligatoria | La Estaci\u00f3n de Danza\",\"isPartOf\":{\"@id\":\"https:\\\/\\\/www.laestaciondedanza.com\\\/laestacion\\\/#website\"},\"primaryImageOfPage\":{\"@id\":\"https:\\\/\\\/www.laestaciondedanza.com\\\/laestacion\\\/#primaryimage\"},\"image\":{\"@id\":\"https:\\\/\\\/www.laestaciondedanza.com\\\/laestacion\\\/#primaryimage\"},\"thumbnailUrl\":\"https:\\\/\\\/www.laestaciondedanza.com\\\/laestacion\\\/wp-content\\\/uploads\\\/Estacion-de-Danza-img-destacada.png\",\"datePublished\":\"2021-09-21T19:46:01+00:00\",\"dateModified\":\"2023-09-25T18:05:57+00:00\",\"description\":\"Estudio de danza. \u2713 Clases para todos las edades y niveles. \u2713 La parada obligatoria para los amantes del movimiento. \u2713 \u00a1Reserv\u00e1 tu clase!\",\"breadcrumb\":{\"@id\":\"https:\\\/\\\/www.laestaciondedanza.com\\\/laestacion\\\/#breadcrumb\"},\"inLanguage\":\"es\",\"potentialAction\":[{\"@type\":\"ReadAction\",\"target\":[\"https:\\\/\\\/www.laestaciondedanza.com\\\/laestacion\\\/\"]}]},{\"@type\":\"ImageObject\",\"inLanguage\":\"es\",\"@id\":\"https:\\\/\\\/www.laestaciondedanza.com\\\/laestacion\\\/#primaryimage\",\"url\":\"https:\\\/\\\/www.laestaciondedanza.com\\\/laestacion\\\/wp-content\\\/uploads\\\/Estacion-de-Danza-img-destacada.png\",\"contentUrl\":\"https:\\\/\\\/www.laestaciondedanza.com\\\/laestacion\\\/wp-content\\\/uploads\\\/Estacion-de-Danza-img-destacada.png\",\"width\":512,\"height\":512},{\"@type\":\"BreadcrumbList\",\"@id\":\"https:\\\/\\\/www.laestaciondedanza.com\\\/laestacion\\\/#breadcrumb\",\"itemListElement\":[{\"@type\":\"ListItem\",\"position\":1,\"name\":\"Portada\",\"item\":\"https:\\\/\\\/www.laestaciondedanza.com\\\/laestacion\\\/\"},{\"@type\":\"ListItem\",\"position\":2,\"name\":\"Inicio\"}]},{\"@type\":\"WebSite\",\"@id\":\"https:\\\/\\\/www.laestaciondedanza.com\\\/laestacion\\\/#website\",\"url\":\"https:\\\/\\\/www.laestaciondedanza.com\\\/laestacion\\\/\",\"name\":\"La Estaci\u00f3n de Danza\",\"description\":\"\",\"publisher\":{\"@id\":\"https:\\\/\\\/www.laestaciondedanza.com\\\/laestacion\\\/#organization\"},\"potentialAction\":[{\"@type\":\"SearchAction\",\"target\":{\"@type\":\"EntryPoint\",\"urlTemplate\":\"https:\\\/\\\/www.laestaciondedanza.com\\\/laestacion\\\/?s={search_term_string}\"},\"query-input\":{\"@type\":\"PropertyValueSpecification\",\"valueRequired\":true,\"valueName\":\"search_term_string\"}}],\"inLanguage\":\"es\"},{\"@type\":\"Organization\",\"@id\":\"https:\\\/\\\/www.laestaciondedanza.com\\\/laestacion\\\/#organization\",\"name\":\"La Estaci\u00f3n de Danza\",\"url\":\"https:\\\/\\\/www.laestaciondedanza.com\\\/laestacion\\\/\",\"logo\":{\"@type\":\"ImageObject\",\"inLanguage\":\"es\",\"@id\":\"https:\\\/\\\/www.laestaciondedanza.com\\\/laestacion\\\/#\\\/schema\\\/logo\\\/image\\\/\",\"url\":\"https:\\\/\\\/www.laestaciondedanza.com\\\/laestacion\\\/wp-content\\\/uploads\\\/logo-claro.png\",\"contentUrl\":\"https:\\\/\\\/www.laestaciondedanza.com\\\/laestacion\\\/wp-content\\\/uploads\\\/logo-claro.png\",\"width\":2048,\"height\":1356,\"caption\":\"La Estaci\u00f3n de Danza\"},\"image\":{\"@id\":\"https:\\\/\\\/www.laestaciondedanza.com\\\/laestacion\\\/#\\\/schema\\\/logo\\\/image\\\/\"}}]}<\/script>\n<!-- \/ Yoast SEO plugin. -->","yoast_head_json":{"title":"\u25b7 Somos tu parada obligatoria | La Estaci\u00f3n de Danza","description":"Estudio de danza. \u2713 Clases para todos las edades y niveles. \u2713 La parada obligatoria para los amantes del movimiento. \u2713 \u00a1Reserv\u00e1 tu clase!","robots":{"index":"index","follow":"follow","max-snippet":"max-snippet:-1","max-image-preview":"max-image-preview:large","max-video-preview":"max-video-preview:-1"},"canonical":"https:\/\/www.laestaciondedanza.com\/laestacion\/","og_locale":"es_ES","og_type":"article","og_title":"\u25b7 Somos tu parada obligatoria | La Estaci\u00f3n de Danza","og_description":"Estudio de danza. \u2713 Clases para todos las edades y niveles. \u2713 La parada obligatoria para los amantes del movimiento. \u2713 \u00a1Reserv\u00e1 tu clase!","og_url":"https:\/\/www.laestaciondedanza.com\/laestacion\/","og_site_name":"La Estaci\u00f3n de Danza","article_modified_time":"2023-09-25T18:05:57+00:00","og_image":[{"width":512,"height":512,"url":"https:\/\/www.laestaciondedanza.com\/laestacion\/wp-content\/uploads\/Estacion-de-Danza-img-destacada.png","type":"image\/png"}],"twitter_card":"summary_large_image","schema":{"@context":"https:\/\/schema.org","@graph":[{"@type":"WebPage","@id":"https:\/\/www.laestaciondedanza.com\/laestacion\/","url":"https:\/\/www.laestaciondedanza.com\/laestacion\/","name":"\u25b7 Somos tu parada obligatoria | La Estaci\u00f3n de Danza","isPartOf":{"@id":"https:\/\/www.laestaciondedanza.com\/laestacion\/#website"},"primaryImageOfPage":{"@id":"https:\/\/www.laestaciondedanza.com\/laestacion\/#primaryimage"},"image":{"@id":"https:\/\/www.laestaciondedanza.com\/laestacion\/#primaryimage"},"thumbnailUrl":"https:\/\/www.laestaciondedanza.com\/laestacion\/wp-content\/uploads\/Estacion-de-Danza-img-destacada.png","datePublished":"2021-09-21T19:46:01+00:00","dateModified":"2023-09-25T18:05:57+00:00","description":"Estudio de danza. \u2713 Clases para todos las edades y niveles. \u2713 La parada obligatoria para los amantes del movimiento. \u2713 \u00a1Reserv\u00e1 tu clase!","breadcrumb":{"@id":"https:\/\/www.laestaciondedanza.com\/laestacion\/#breadcrumb"},"inLanguage":"es","potentialAction":[{"@type":"ReadAction","target":["https:\/\/www.laestaciondedanza.com\/laestacion\/"]}]},{"@type":"ImageObject","inLanguage":"es","@id":"https:\/\/www.laestaciondedanza.com\/laestacion\/#primaryimage","url":"https:\/\/www.laestaciondedanza.com\/laestacion\/wp-content\/uploads\/Estacion-de-Danza-img-destacada.png","contentUrl":"https:\/\/www.laestaciondedanza.com\/laestacion\/wp-content\/uploads\/Estacion-de-Danza-img-destacada.png","width":512,"height":512},{"@type":"BreadcrumbList","@id":"https:\/\/www.laestaciondedanza.com\/laestacion\/#breadcrumb","itemListElement":[{"@type":"ListItem","position":1,"name":"Portada","item":"https:\/\/www.laestaciondedanza.com\/laestacion\/"},{"@type":"ListItem","position":2,"name":"Inicio"}]},{"@type":"WebSite","@id":"https:\/\/www.laestaciondedanza.com\/laestacion\/#website","url":"https:\/\/www.laestaciondedanza.com\/laestacion\/","name":"La Estaci\u00f3n de Danza","description":"","publisher":{"@id":"https:\/\/www.laestaciondedanza.com\/laestacion\/#organization"},"potentialAction":[{"@type":"SearchAction","target":{"@type":"EntryPoint","urlTemplate":"https:\/\/www.laestaciondedanza.com\/laestacion\/?s={search_term_string}"},"query-input":{"@type":"PropertyValueSpecification","valueRequired":true,"valueName":"search_term_string"}}],"inLanguage":"es"},{"@type":"Organization","@id":"https:\/\/www.laestaciondedanza.com\/laestacion\/#organization","name":"La Estaci\u00f3n de Danza","url":"https:\/\/www.laestaciondedanza.com\/laestacion\/","logo":{"@type":"ImageObject","inLanguage":"es","@id":"https:\/\/www.laestaciondedanza.com\/laestacion\/#\/schema\/logo\/image\/","url":"https:\/\/www.laestaciondedanza.com\/laestacion\/wp-content\/uploads\/logo-claro.png","contentUrl":"https:\/\/www.laestaciondedanza.com\/laestacion\/wp-content\/uploads\/logo-claro.png","width":2048,"height":1356,"caption":"La Estaci\u00f3n de Danza"},"image":{"@id":"https:\/\/www.laestaciondedanza.com\/laestacion\/#\/schema\/logo\/image\/"}}]}},"_links":{"self":[{"href":"https:\/\/www.laestaciondedanza.com\/laestacion\/wp-json\/wp\/v2\/pages\/10","targetHints":{"allow":["GET"]}}],"collection":[{"href":"https:\/\/www.laestaciondedanza.com\/laestacion\/wp-json\/wp\/v2\/pages"}],"about":[{"href":"https:\/\/www.laestaciondedanza.com\/laestacion\/wp-json\/wp\/v2\/types\/page"}],"author":[{"embeddable":true,"href":"https:\/\/www.laestaciondedanza.com\/laestacion\/wp-json\/wp\/v2\/users\/3"}],"replies":[{"embeddable":true,"href":"https:\/\/www.laestaciondedanza.com\/laestacion\/wp-json\/wp\/v2\/comments?post=10"}],"version-history":[{"count":143,"href":"https:\/\/www.laestaciondedanza.com\/laestacion\/wp-json\/wp\/v2\/pages\/10\/revisions"}],"predecessor-version":[{"id":2842,"href":"https:\/\/www.laestaciondedanza.com\/laestacion\/wp-json\/wp\/v2\/pages\/10\/revisions\/2842"}],"wp:featuredmedia":[{"embeddable":true,"href":"https:\/\/www.laestaciondedanza.com\/laestacion\/wp-json\/wp\/v2\/media\/403"}],"wp:attachment":[{"href":"https:\/\/www.laestaciondedanza.com\/laestacion\/wp-json\/wp\/v2\/media?parent=10"}],"curies":[{"name":"wp","href":"https:\/\/api.w.org\/{rel}","templated":true}]}}